{"id":14,"date":"2026-02-10T19:41:34","date_gmt":"2026-02-10T19:41:34","guid":{"rendered":"https:\/\/mariage.loicledeunff.ch\/?page_id=14"},"modified":"2026-03-30T17:29:24","modified_gmt":"2026-03-30T17:29:24","slug":"accueil","status":"publish","type":"page","link":"https:\/\/mariage.loicledeunff.ch\/de\/","title":{"rendered":"Accueil"},"content":{"rendered":"\t\t<div data-elementor-type=\"wp-page\" data-elementor-id=\"14\" class=\"elementor elementor-14\">\n\t\t\t\t<div class=\"elementor-element elementor-element-36636d2b e-con-full e-flex e-con e-parent\" data-id=\"36636d2b\" data-element_type=\"container\" data-e-type=\"container\" data-settings=\"{&quot;background_background&quot;:&quot;slideshow&quot;,&quot;background_slideshow_gallery&quot;:[{&quot;id&quot;:182,&quot;url&quot;:&quot;https:\\\/\\\/mariage.loicledeunff.ch\\\/wp-content\\\/uploads\\\/2026\\\/03\\\/25-10-11-12-03-57-1051-scaled.jpg&quot;}],&quot;background_slideshow_loop&quot;:&quot;yes&quot;,&quot;background_slideshow_slide_duration&quot;:5000,&quot;background_slideshow_slide_transition&quot;:&quot;fade&quot;,&quot;background_slideshow_transition_duration&quot;:500}\">\n\t\t<div class=\"elementor-element elementor-element-a57d7ad e-flex e-con-boxed e-con e-child\" data-id=\"a57d7ad\" data-element_type=\"container\" data-e-type=\"container\">\n\t\t\t\t\t<div class=\"e-con-inner\">\n\t\t\t\t<div class=\"elementor-element elementor-element-f06a75f elementor-widget__width-inherit elementor-widget elementor-widget-spacer\" data-id=\"f06a75f\" data-element_type=\"widget\" data-e-type=\"widget\" data-widget_type=\"spacer.default\">\n\t\t\t\t\t\t\t<div class=\"elementor-spacer\">\n\t\t\t<div class=\"elementor-spacer-inner\"><\/div>\n\t\t<\/div>\n\t\t\t\t\t\t<\/div>\n\t\t<div class=\"elementor-element elementor-element-efce7da e-con-full e-flex e-con e-child\" data-id=\"efce7da\" data-element_type=\"container\" data-e-type=\"container\">\n\t\t\t\t<div class=\"elementor-element elementor-element-30a4455 elementor-hidden-mobile elementor-widget elementor-widget-heading\" data-id=\"30a4455\" data-element_type=\"widget\" data-e-type=\"widget\" data-widget_type=\"heading.default\">\n\t\t\t\t\t<h1 class=\"elementor-heading-title elementor-size-default\">CORINNE &amp; LO\u00cfC<\/h1>\t\t\t\t<\/div>\n\t\t\t\t<div class=\"elementor-element elementor-element-0c47ca8 elementor-hidden-desktop elementor-hidden-tablet elementor-widget elementor-widget-heading\" data-id=\"0c47ca8\" data-element_type=\"widget\" data-e-type=\"widget\" data-widget_type=\"heading.default\">\n\t\t\t\t\t<h1 class=\"elementor-heading-title elementor-size-default\">CORINNE<br>&amp;<br>LO\u00cfC<\/h1>\t\t\t\t<\/div>\n\t\t\t\t<div class=\"elementor-element elementor-element-f59081e elementor-widget elementor-widget-heading\" data-id=\"f59081e\" data-element_type=\"widget\" data-e-type=\"widget\" data-widget_type=\"heading.default\">\n\t\t\t\t\t<h2 class=\"elementor-heading-title elementor-size-default\">17.10.2026<\/h2>\t\t\t\t<\/div>\n\t\t\t\t<div class=\"elementor-element elementor-element-7e45048 elementor-widget elementor-widget-heading\" data-id=\"7e45048\" data-element_type=\"widget\" data-e-type=\"widget\" data-widget_type=\"heading.default\">\n\t\t\t\t\t<h2 class=\"elementor-heading-title elementor-size-default\">Veysonnaz <\/h2>\t\t\t\t<\/div>\n\t\t\t\t<\/div>\n\t\t\t\t\t<\/div>\n\t\t\t\t<\/div>\n\t\t\t\t<\/div>\n\t\t<div class=\"elementor-element elementor-element-e442de7 e-flex e-con-boxed e-con e-parent\" data-id=\"e442de7\" data-element_type=\"container\" data-e-type=\"container\" data-settings=\"{&quot;background_background&quot;:&quot;classic&quot;}\">\n\t\t\t\t\t<div class=\"e-con-inner\">\n\t\t\t\t<div class=\"elementor-element elementor-element-86cb277 elementor-widget elementor-widget-spacer\" data-id=\"86cb277\" data-element_type=\"widget\" data-e-type=\"widget\" data-widget_type=\"spacer.default\">\n\t\t\t\t\t\t\t<div class=\"elementor-spacer\">\n\t\t\t<div class=\"elementor-spacer-inner\"><\/div>\n\t\t<\/div>\n\t\t\t\t\t\t<\/div>\n\t\t\t\t\t<\/div>\n\t\t\t\t<\/div>\n\t\t<div class=\"elementor-element elementor-element-dfce4f5 e-flex e-con-boxed e-con e-parent\" data-id=\"dfce4f5\" data-element_type=\"container\" data-e-type=\"container\">\n\t\t\t\t\t<div class=\"e-con-inner\">\n\t\t<div class=\"elementor-element elementor-element-beb0920 e-con-full e-flex e-con e-child\" data-id=\"beb0920\" data-element_type=\"container\" data-e-type=\"container\">\n\t\t\t\t<div class=\"elementor-element elementor-element-7a992bf elementor-widget elementor-widget-image\" data-id=\"7a992bf\" data-element_type=\"widget\" data-e-type=\"widget\" data-widget_type=\"image.default\">\n\t\t\t\t\t\t\t\t\t\t\t\t\t\t\t<img fetchpriority=\"high\" decoding=\"async\" width=\"225\" height=\"300\" src=\"https:\/\/mariage.loicledeunff.ch\/wp-content\/uploads\/2026\/03\/IMG_1096-225x300.jpg\" class=\"attachment-medium size-medium wp-image-163\" alt=\"\" srcset=\"https:\/\/mariage.loicledeunff.ch\/wp-content\/uploads\/2026\/03\/IMG_1096-225x300.jpg 225w, https:\/\/mariage.loicledeunff.ch\/wp-content\/uploads\/2026\/03\/IMG_1096-768x1024.jpg 768w, https:\/\/mariage.loicledeunff.ch\/wp-content\/uploads\/2026\/03\/IMG_1096-1152x1536.jpg 1152w, https:\/\/mariage.loicledeunff.ch\/wp-content\/uploads\/2026\/03\/IMG_1096-1536x2048.jpg 1536w, https:\/\/mariage.loicledeunff.ch\/wp-content\/uploads\/2026\/03\/IMG_1096-9x12.jpg 9w, https:\/\/mariage.loicledeunff.ch\/wp-content\/uploads\/2026\/03\/IMG_1096-scaled.jpg 1920w\" sizes=\"(max-width: 225px) 100vw, 225px\" \/>\t\t\t\t\t\t\t\t\t\t\t\t\t\t\t<\/div>\n\t\t\t\t<\/div>\n\t\t<div class=\"elementor-element elementor-element-e4f2dfe e-con-full e-flex e-con e-child\" data-id=\"e4f2dfe\" data-element_type=\"container\" data-e-type=\"container\">\n\t\t<div class=\"elementor-element elementor-element-6e9d244 e-con-full e-flex e-con e-child\" data-id=\"6e9d244\" data-element_type=\"container\" data-e-type=\"container\">\n\t\t\t\t<div class=\"elementor-element elementor-element-778c0d9 elementor-widget elementor-widget-heading\" data-id=\"778c0d9\" data-element_type=\"widget\" data-e-type=\"widget\" data-widget_type=\"heading.default\">\n\t\t\t\t\t<h2 class=\"elementor-heading-title elementor-size-default\">Nous nous r\u00e9jouissons de vous accueillir !<\/h2>\t\t\t\t<\/div>\n\t\t\t\t<\/div>\n\t\t<div class=\"elementor-element elementor-element-81d559e e-con-full e-flex e-con e-child\" data-id=\"81d559e\" data-element_type=\"container\" data-e-type=\"container\">\n\t\t\t\t<div class=\"elementor-element elementor-element-fbb9d26 elementor-widget elementor-widget-text-editor\" data-id=\"fbb9d26\" data-element_type=\"widget\" data-e-type=\"widget\" data-widget_type=\"text-editor.default\">\n\t\t\t\t\t\t\t\t\t<p><span class=\"a_GcMg font-feature-liga-off font-feature-clig-off font-feature-calt-off text-decoration-none text-strikethrough-none\">Par une douce journ\u00e9e d\u2019automne, nous avons choisi de poursuivre notre chemin ensemble.&nbsp;<\/span><\/p>\n<p><span class=\"a_GcMg font-feature-liga-off font-feature-clig-off font-feature-calt-off text-decoration-none text-strikethrough-none\">Notre mariage aura lieu l\u2019ann\u00e9e prochaine et nous nous r\u00e9jouissons d\u00e9j\u00e0 de partager ce moment avec vous.<\/span><\/p>\t\t\t\t\t\t\t\t<\/div>\n\t\t\t\t<div class=\"elementor-element elementor-element-7824844 elementor-align-center elementor-widget elementor-widget-button\" data-id=\"7824844\" data-element_type=\"widget\" data-e-type=\"widget\" data-widget_type=\"button.default\">\n\t\t\t\t\t\t\t\t\t\t<a class=\"elementor-button elementor-size-sm\" role=\"button\">\n\t\t\t\t\t\t<span class=\"elementor-button-content-wrapper\">\n\t\t\t\t\t\t\t\t\t<span class=\"elementor-button-text\">Je d\u00e9couvre le programme !<\/span>\n\t\t\t\t\t<\/span>\n\t\t\t\t\t<\/a>\n\t\t\t\t\t\t\t\t<\/div>\n\t\t\t\t<div class=\"elementor-element elementor-element-932f15a elementor-align-center elementor-widget elementor-widget-button\" data-id=\"932f15a\" data-element_type=\"widget\" data-e-type=\"widget\" data-widget_type=\"button.default\">\n\t\t\t\t\t\t\t\t\t\t<a class=\"elementor-button elementor-size-sm\" role=\"button\">\n\t\t\t\t\t\t<span class=\"elementor-button-content-wrapper\">\n\t\t\t\t\t\t\t\t\t<span class=\"elementor-button-text\">Je confirme ma pr\u00e9sence !<\/span>\n\t\t\t\t\t<\/span>\n\t\t\t\t\t<\/a>\n\t\t\t\t\t\t\t\t<\/div>\n\t\t\t\t<\/div>\n\t\t\t\t<\/div>\n\t\t\t\t\t<\/div>\n\t\t\t\t<\/div>\n\t\t<div class=\"elementor-element elementor-element-1b7c26e e-flex e-con-boxed e-con e-parent\" data-id=\"1b7c26e\" data-element_type=\"container\" data-e-type=\"container\">\n\t\t\t\t\t<div class=\"e-con-inner\">\n\t\t\t\t\t<\/div>\n\t\t\t\t<\/div>\n\t\t\t\t<\/div>\n\t\t","protected":false},"excerpt":{"rendered":"<p>CORINNE &amp; LO\u00cfC CORINNE&amp;LO\u00cfC 17.10.2026 Veysonnaz Nous nous r\u00e9jouissons de vous accueillir ! Par une douce journ\u00e9e d\u2019automne, nous avons choisi de poursuivre notre chemin ensemble.&nbsp; Notre mariage aura lieu l\u2019ann\u00e9e prochaine et nous nous r\u00e9jouissons d\u00e9j\u00e0 de partager ce moment avec vous. Je d\u00e9couvre le programme ! Je confirme ma pr\u00e9sence !<\/p>","protected":false},"author":1,"featured_media":0,"parent":0,"menu_order":0,"comment_status":"closed","ping_status":"closed","template":"elementor_header_footer","meta":{"footnotes":""},"class_list":["post-14","page","type-page","status-publish","hentry","entry"],"_links":{"self":[{"href":"https:\/\/mariage.loicledeunff.ch\/de\/wp-json\/wp\/v2\/pages\/14","targetHints":{"allow":["GET"]}}],"collection":[{"href":"https:\/\/mariage.loicledeunff.ch\/de\/wp-json\/wp\/v2\/pages"}],"about":[{"href":"https:\/\/mariage.loicledeunff.ch\/de\/wp-json\/wp\/v2\/types\/page"}],"author":[{"embeddable":true,"href":"https:\/\/mariage.loicledeunff.ch\/de\/wp-json\/wp\/v2\/users\/1"}],"replies":[{"embeddable":true,"href":"https:\/\/mariage.loicledeunff.ch\/de\/wp-json\/wp\/v2\/comments?post=14"}],"version-history":[{"count":39,"href":"https:\/\/mariage.loicledeunff.ch\/de\/wp-json\/wp\/v2\/pages\/14\/revisions"}],"predecessor-version":[{"id":343,"href":"https:\/\/mariage.loicledeunff.ch\/de\/wp-json\/wp\/v2\/pages\/14\/revisions\/343"}],"wp:attachment":[{"href":"https:\/\/mariage.loicledeunff.ch\/de\/wp-json\/wp\/v2\/media?parent=14"}],"curies":[{"name":"wp","href":"https:\/\/api.w.org\/{rel}","templated":true}]}}